{"id":122,"date":"2025-02-15T12:38:47","date_gmt":"2025-02-15T12:38:47","guid":{"rendered":"https:\/\/www.proeng.hr\/about\/"},"modified":"2025-09-22T05:45:13","modified_gmt":"2025-09-22T05:45:13","slug":"about","status":"publish","type":"page","link":"https:\/\/www.proeng.hr\/hr\/about\/","title":{"rendered":"O nama"},"content":{"rendered":"<h2>O nama<\/h2>\n\n\n<p>With over 10 years of engineering experience across various fields, we understand the challenges many companies face. Through our journey, we&#8217;ve discovered that a significant number of tasks can be semi-automated or fully automated, making daily operations not only easier but faster.<br>Primjenom inovativnih in\u017eenjerskih rje\u0161enja za pojednostavljenje procesa, poma\u017eemo tvrtkama da pobolj\u0161aju produktivnost i u\u010dinkovitost. Na\u0161a stru\u010dnost obuhva\u0107a CAD dizajn, programiranje i automatizaciju, s posebnim fokusom na spajanje ovih disciplina kako bi se stvorili besprijekorni tijek rada.<br>Vjerujemo u mo\u0107 automatizacije za preobrazbu svakodnevnog rada, od \u010dega imaju koristi i zaposlenici i tvrtke smanjuju\u0107i vrijeme provedeno na ponavljaju\u0107im zadacima i omogu\u0107avaju\u0107i fokusiranije i u\u010dinkovitije radno okru\u017eenje. Na\u0161 je cilj u\u010diniti va\u0161e poslovanje pametnijim, br\u017eim i isplativijim. Hajde da sura\u0111ujemo kako bismo va\u0161e poslovanje podigli na vi\u0161u razinu!<strong><br><\/strong><\/p>\n<p><strong><br>PROENG<\/strong>, obrt za usluge, vl. Frane Jurjevi\u0107, Lumbarda, Lumbarda 288<br>Obrt je upisan u Obrtni registar sa sljede\u0107im podacima:<br>OBRT JE UPISAN U OBRTNI REGISTAR<br>DUBROVA\u010cKO-NERETVANSKA \u017dUPANIJA<br>UPRAVNI ODJEL ZA PODUZETNI\u0160TVO, TURIZAM I MORE<br>IZDVOJENO MJESTO RADA KOR\u010cULA<br>KOR\u010cULA, Trg Sv. Justine 3, 20260 KOR\u010cULA<br><strong>MBO<\/strong>:&nbsp;98933078<br><strong>OIB<\/strong>:&nbsp;05684621987<br><strong>\u017diro \u2013 ra\u010dun<\/strong>:&nbsp;IBAN&nbsp;HR0724070001100748555 u OTP banci<br><br>Uvjeti pla\u0107anja<br><span style=\"font-family: Poppins;\">Payment can be made via internet banking, credit card (Visa, Mastercard, Maestro, Diners) and the IBAN to IBAN option (directly from the user&#8217;s account).<\/span><\/p>\n<p>Pravila privatnosti (GDPR):<\/p><p><\/p><p>Pravila privatnosti (GDPR):\nPROENG redovito provjerava i a\u017eurira internetsku stranicu, no unato\u010d tome podaci se u me\u0111uvremenu mogu promijeniti. Ne preuzimamo odgovornost za njih i ne jam\u010dimo da su informacije na ovom web-mjestu ili drugim web-mjestima koja su dostupna preko poveznice a\u017eurne, to\u010dne i potpune. Obrt PROENG nije odgovaran za sadr\u017eaj internetskih stranica do kojih je omogu\u0107en pristup putem hiperveze. PROENG zadr\u017eava pravo na promjene ili dopune pru\u017eenih informacija.<\/p>\n<p>Pisani prigovor<\/p><p>Sukladno zakonu o za\u0161titi potro\u0161a\u010da (\u010dlanak 10), potro\u0161a\u010d mo\u017ee podnijeti pismeni progovor putem po\u0161te na adresu: PROENG, obrt za usluge, Lumbarda, Lumbarda 288 ili pak putem elektroni\u010dke po\u0161te na erepeticije@hotmail.com.<\/p>\n<p>&nbsp;<\/p>\n\n\n\n\n\n<p style=\"margin-block: 0px 0.9rem; color: rgb(17, 24, 39); font-family: Roboto, sans-serif; font-size: 16px; background-color: rgb(249, 250, 251);\"><\/p><p style=\"margin-block: 0px 0.9rem; color: rgb(17, 24, 39); font-family: Roboto, sans-serif; font-size: 16px; background-color: rgb(249, 250, 251);\"><\/p><p style=\"margin-block: 0px 0.9rem; color: rgb(17, 24, 39); font-family: Roboto, sans-serif; font-size: 16px; background-color: rgb(249, 250, 251);\"><\/p><p style=\"margin-block: 0px 0.9rem; color: rgb(17, 24, 39); font-family: Roboto, sans-serif; font-size: 16px; background-color: rgb(249, 250, 251);\"><\/p>","protected":false},"excerpt":{"rendered":"","protected":false},"author":1,"featured_media":0,"parent":0,"menu_order":0,"comment_status":"closed","ping_status":"closed","template":"","meta":{"pagelayer_contact_templates":[],"_pagelayer_content":"","footnotes":""},"class_list":["post-122","page","type-page","status-publish","hentry"],"_links":{"self":[{"href":"https:\/\/www.proeng.hr\/hr\/wp-json\/wp\/v2\/pages\/122","targetHints":{"allow":["GET"]}}],"collection":[{"href":"https:\/\/www.proeng.hr\/hr\/wp-json\/wp\/v2\/pages"}],"about":[{"href":"https:\/\/www.proeng.hr\/hr\/wp-json\/wp\/v2\/types\/page"}],"author":[{"embeddable":true,"href":"https:\/\/www.proeng.hr\/hr\/wp-json\/wp\/v2\/users\/1"}],"replies":[{"embeddable":true,"href":"https:\/\/www.proeng.hr\/hr\/wp-json\/wp\/v2\/comments?post=122"}],"version-history":[{"count":10,"href":"https:\/\/www.proeng.hr\/hr\/wp-json\/wp\/v2\/pages\/122\/revisions"}],"predecessor-version":[{"id":316,"href":"https:\/\/www.proeng.hr\/hr\/wp-json\/wp\/v2\/pages\/122\/revisions\/316"}],"wp:attachment":[{"href":"https:\/\/www.proeng.hr\/hr\/wp-json\/wp\/v2\/media?parent=122"}],"curies":[{"name":"wp","href":"https:\/\/api.w.org\/{rel}","templated":true}]}}