{"id":115,"date":"2025-02-15T12:38:46","date_gmt":"2025-02-15T12:38:46","guid":{"rendered":"https:\/\/www.proeng.hr\/home\/"},"modified":"2025-04-30T04:31:20","modified_gmt":"2025-04-30T04:31:20","slug":"home","status":"publish","type":"page","link":"https:\/\/www.proeng.hr\/hr\/","title":{"rendered":"Naslovna"},"content":{"rendered":"<h2>Usluge<\/h2>\n\n\n\n\n\n<p>Nudimo inovativna rje\u0161enja za automatizaciju CAD-a i prora\u010duna, pove\u0107avaju\u0107i u\u010dinkovitost i preciznost.<\/p>\n\n\n\n\n<p>Specijalizirani smo za stru\u010dne CAD usluge outsourcinga, isporu\u010duju\u0107i precizne i visokokvalitetne tehni\u010dke modele i crte\u017ee za va\u0161e projekte. Pojednostavite svoj proces dizajna i postignite iznimne rezultate uz na\u0161u podr\u0161ku.<\/p>\n\n\n\n\n<p>Specijalizirani smo za pretvaranje ideja u proizvode spremne za tr\u017ei\u0161te uz usluge stru\u010dnog dizajna, in\u017eenjeringa i izrade prototipova. Ubrzajte svoju inovaciju uz na\u0161u sveobuhvatnu podr\u0161ku.<\/p>\n\n\n\n\n\n\n<p>Nudimo pomo\u0107 u in\u017eenjerskim izra\u010dunima kako bismo osigurali strukturalnu sigurnost proizvoda pru\u017eaju\u0107i potporu i uspje\u0161nost projekta. <\/p>\n\n\n\n\n<p>Pru\u017eanje stru\u010dnosti u FEA strukturnim simulacijama u Ansys i Autodesk Nastran paketima.<\/p>\n\n\n\n\n<p>Pru\u017eamo stru\u010dnu obuku za CAD softvere i MS Excel, osna\u017euju\u0107i vas da svladate osnovne alate i pobolj\u0161ate svoje vje\u0161tine za ve\u0107u produktivnost.<\/p>","protected":false},"excerpt":{"rendered":"","protected":false},"author":1,"featured_media":0,"parent":0,"menu_order":0,"comment_status":"closed","ping_status":"closed","template":"","meta":{"pagelayer_contact_templates":[],"_pagelayer_content":"","footnotes":""},"class_list":["post-115","page","type-page","status-publish","hentry"],"_links":{"self":[{"href":"https:\/\/www.proeng.hr\/hr\/wp-json\/wp\/v2\/pages\/115","targetHints":{"allow":["GET"]}}],"collection":[{"href":"https:\/\/www.proeng.hr\/hr\/wp-json\/wp\/v2\/pages"}],"about":[{"href":"https:\/\/www.proeng.hr\/hr\/wp-json\/wp\/v2\/types\/page"}],"author":[{"embeddable":true,"href":"https:\/\/www.proeng.hr\/hr\/wp-json\/wp\/v2\/users\/1"}],"replies":[{"embeddable":true,"href":"https:\/\/www.proeng.hr\/hr\/wp-json\/wp\/v2\/comments?post=115"}],"version-history":[{"count":19,"href":"https:\/\/www.proeng.hr\/hr\/wp-json\/wp\/v2\/pages\/115\/revisions"}],"predecessor-version":[{"id":299,"href":"https:\/\/www.proeng.hr\/hr\/wp-json\/wp\/v2\/pages\/115\/revisions\/299"}],"wp:attachment":[{"href":"https:\/\/www.proeng.hr\/hr\/wp-json\/wp\/v2\/media?parent=115"}],"curies":[{"name":"wp","href":"https:\/\/api.w.org\/{rel}","templated":true}]}}